{"id":1354,"date":"2025-05-27T22:13:46","date_gmt":"2025-05-27T20:13:46","guid":{"rendered":"https:\/\/spatia.pl\/?page_id=1354"},"modified":"2025-05-27T22:16:25","modified_gmt":"2025-05-27T20:16:25","slug":"rodo","status":"publish","type":"page","link":"https:\/\/spatia.pl\/en\/rodo\/","title":{"rendered":"RODO"},"content":{"rendered":"<h2 class=\"wp-block-heading has-medium-font-size\">RODO<\/h2>\n\n\n\n<p>Fundacja Rozwoju Edukacji SPATIA przetwarza dane osobowe zgodnie z\u00a0obowi\u0105zuj\u0105cymi przepisami i\u00a0regulacjami o\u00a0ochronie danych osobowych i\u00a0dok\u0142ada wszelkich stara\u0144, aby zapewni\u0107 bezpiecze\u0144stwo i\u00a0ochron\u0119 danych osobowych podczas przetwarzania.<\/p>\n\n\n\n<p><strong>Adres do\u00a0korespondencji:<\/strong><\/p>\n\n\n\n<p>SPATIA Foundation for the Development of Education<br>ul. \u017bo\u0142nierzy Wrze\u015bnia 73\/6, 41-500 Chorz\u00f3w<br>biuro@spatia.pl<\/p>\n\n\n\n<ol class=\"wp-block-list\"><\/ol>","protected":false},"excerpt":{"rendered":"<p>RODO Fundacja Rozwoju Edukacji SPATIA przetwarza dane osobowe zgodnie z\u00a0obowi\u0105zuj\u0105cymi przepisami i\u00a0regulacjami o\u00a0ochronie danych osobowych i\u00a0dok\u0142ada wszelkich stara\u0144, aby zapewni\u0107 bezpiecze\u0144stwo i\u00a0ochron\u0119 danych osobowych podczas przetwarzania. Adres do\u00a0korespondencji: Fundacja Rozwoju Edukacji SPATIAul. \u017bo\u0142nierzy Wrze\u015bnia 73\/6, 41-500 Chorz\u00f3wbiuro@spatia.pl<\/p>","protected":false},"author":2,"featured_media":0,"parent":0,"menu_order":0,"comment_status":"closed","ping_status":"closed","template":"","meta":{"saved_in_kubio":true,"footnotes":""},"class_list":["post-1354","page","type-page","status-publish","hentry"],"kubio_ai_page_context":{"short_desc":"","purpose":"general"},"rttpg_featured_image_url":null,"rttpg_author":{"display_name":"Tomasz Sobisz","author_link":"https:\/\/spatia.pl\/en\/author\/tomasz\/"},"rttpg_comment":0,"rttpg_category":null,"rttpg_excerpt":"RODO Fundacja Rozwoju Edukacji SPATIA przetwarza dane osobowe zgodnie z\u00a0obowi\u0105zuj\u0105cymi przepisami i\u00a0regulacjami o\u00a0ochronie danych osobowych i\u00a0dok\u0142ada wszelkich stara\u0144, aby zapewni\u0107 bezpiecze\u0144stwo i\u00a0ochron\u0119 danych osobowych podczas przetwarzania. Adres do\u00a0korespondencji: Fundacja Rozwoju Edukacji SPATIAul. \u017bo\u0142nierzy Wrze\u015bnia 73\/6, 41-500 Chorz\u00f3wbiuro@spatia.pl","_links":{"self":[{"href":"https:\/\/spatia.pl\/en\/wp-json\/wp\/v2\/pages\/1354","targetHints":{"allow":["GET"]}}],"collection":[{"href":"https:\/\/spatia.pl\/en\/wp-json\/wp\/v2\/pages"}],"about":[{"href":"https:\/\/spatia.pl\/en\/wp-json\/wp\/v2\/types\/page"}],"author":[{"embeddable":true,"href":"https:\/\/spatia.pl\/en\/wp-json\/wp\/v2\/users\/2"}],"replies":[{"embeddable":true,"href":"https:\/\/spatia.pl\/en\/wp-json\/wp\/v2\/comments?post=1354"}],"version-history":[{"count":2,"href":"https:\/\/spatia.pl\/en\/wp-json\/wp\/v2\/pages\/1354\/revisions"}],"predecessor-version":[{"id":1357,"href":"https:\/\/spatia.pl\/en\/wp-json\/wp\/v2\/pages\/1354\/revisions\/1357"}],"wp:attachment":[{"href":"https:\/\/spatia.pl\/en\/wp-json\/wp\/v2\/media?parent=1354"}],"curies":[{"name":"wp","href":"https:\/\/api.w.org\/{rel}","templated":true}]}}